{"id":18099,"date":"2025-07-17T15:30:55","date_gmt":"2025-07-17T15:30:55","guid":{"rendered":"https:\/\/jatfleet.com\/?page_id=18099"},"modified":"2025-08-12T14:49:42","modified_gmt":"2025-08-12T14:49:42","slug":"cookie-policy","status":"publish","type":"page","link":"https:\/\/jatfleet.com\/en\/politica-cookies\/","title":{"rendered":"Cookie Policy"},"content":{"rendered":"<div data-elementor-type=\"wp-page\" data-elementor-id=\"18099\" class=\"elementor elementor-18099\" data-elementor-post-type=\"page\">\n\t\t\t\t<div class=\"elementor-element elementor-element-bc765dd e-flex e-con-boxed e-con e-parent\" data-id=\"bc765dd\" data-element_type=\"container\">\n\t\t\t\t\t<div class=\"e-con-inner\">\n\t\t\t\t<div class=\"elementor-element elementor-element-9ebbd6a elementor-widget elementor-widget-heading\" data-id=\"9ebbd6a\" data-element_type=\"widget\" data-widget_type=\"heading.default\">\n\t\t\t\t\t<h2 class=\"elementor-heading-title elementor-size-default\">Cookie Policy<\/h2>\t\t\t\t<\/div>\n\t\t\t\t<div class=\"elementor-element elementor-element-4d2ea43 elementor-widget elementor-widget-heading\" data-id=\"4d2ea43\" data-element_type=\"widget\" data-widget_type=\"heading.default\">\n\t\t\t\t\t<h3 class=\"elementor-heading-title elementor-size-default\">O que s\u00e3o Cookies?<\/h3>\t\t\t\t<\/div>\n\t\t\t\t<div class=\"elementor-element elementor-element-c1d2cc1 elementor-widget elementor-widget-heading\" data-id=\"c1d2cc1\" data-element_type=\"widget\" data-widget_type=\"heading.default\">\n\t\t\t\t\t<div class=\"elementor-heading-title elementor-size-default\">Os cookies s\u00e3o pequenos ficheiros de texto enviados para o seu computador ou dispositivo m\u00f3vel quando visita websites. Os cookies ajudam os websites a armazenar e recuperar informa\u00e7\u00e3o sobre os seus h\u00e1bitos de navega\u00e7\u00e3o por forma a personalizar a navega\u00e7\u00e3o de acordo com as suas prefer\u00eancias.<\/div>\t\t\t\t<\/div>\n\t\t\t\t<div class=\"elementor-element elementor-element-5f57d36 elementor-widget elementor-widget-heading\" data-id=\"5f57d36\" data-element_type=\"widget\" data-widget_type=\"heading.default\">\n\t\t\t\t\t<h3 class=\"elementor-heading-title elementor-size-default\">Tipos de Cookies<\/h3>\t\t\t\t<\/div>\n\t\t\t\t<div class=\"elementor-element elementor-element-908ed49 elementor-widget elementor-widget-heading\" data-id=\"908ed49\" data-element_type=\"widget\" data-widget_type=\"heading.default\">\n\t\t\t\t\t<h5 class=\"elementor-heading-title elementor-size-default\">Cookies de Prefer\u00eancias<\/h5>\t\t\t\t<\/div>\n\t\t\t\t<div class=\"elementor-element elementor-element-049089d elementor-widget elementor-widget-heading\" data-id=\"049089d\" data-element_type=\"widget\" data-widget_type=\"heading.default\">\n\t\t\t\t\t<div class=\"elementor-heading-title elementor-size-default\">Estes cookies permitem que os websites memorizem informa\u00e7\u00f5es que alteram o comportamento e o aspeto do website, como o seu idioma preferido ou a regi\u00e3o onde se encontra. Por exemplo, ao memorizar a sua regi\u00e3o, um website pode fornecer-lhe informa\u00e7\u00f5es locais sobre o tempo ou o tr\u00e2nsito. Estes cookies tamb\u00e9m o podem ajudar a alterar o tamanho do texto, o tipo de letra e outras partes personaliz\u00e1veis de p\u00e1ginas web. A perda das informa\u00e7\u00f5es armazenadas num cookie de prefer\u00eancia pode tornar a experi\u00eancia do website menos funcional, mas n\u00e3o dever\u00e1 impedir o seu funcionamento.<\/div>\t\t\t\t<\/div>\n\t\t\t\t<div class=\"elementor-element elementor-element-1a53218 elementor-widget elementor-widget-heading\" data-id=\"1a53218\" data-element_type=\"widget\" data-widget_type=\"heading.default\">\n\t\t\t\t\t<h5 class=\"elementor-heading-title elementor-size-default\">Cookies de Seguran\u00e7a<\/h5>\t\t\t\t<\/div>\n\t\t\t\t<div class=\"elementor-element elementor-element-8d6e093 elementor-widget elementor-widget-heading\" data-id=\"8d6e093\" data-element_type=\"widget\" data-widget_type=\"heading.default\">\n\t\t\t\t\t<div class=\"elementor-heading-title elementor-size-default\">Os cookies de seguran\u00e7a s\u00e3o utilizados para autenticar utilizadores e evitar a utiliza\u00e7\u00e3o fraudulenta de credenciais de in\u00edcio de sess\u00e3o e proteger dados de pessoas n\u00e3o autorizadas. Por exemplo, permite bloquear muitos tipos de ataque, como tentativas de roubo do conte\u00fado de formul\u00e1rios que preenche em p\u00e1ginas web.<\/div>\t\t\t\t<\/div>\n\t\t\t\t<div class=\"elementor-element elementor-element-6cbe456 elementor-widget elementor-widget-heading\" data-id=\"6cbe456\" data-element_type=\"widget\" data-widget_type=\"heading.default\">\n\t\t\t\t\t<h5 class=\"elementor-heading-title elementor-size-default\">Cookies de Processos<\/h5>\t\t\t\t<\/div>\n\t\t\t\t<div class=\"elementor-element elementor-element-a0cd510 elementor-widget elementor-widget-heading\" data-id=\"a0cd510\" data-element_type=\"widget\" data-widget_type=\"heading.default\">\n\t\t\t\t\t<div class=\"elementor-heading-title elementor-size-default\">Os cookies de processo ajudam o website a funcionar e a disponibilizar servi\u00e7os que o visitante do website espera, como navegar em p\u00e1ginas web ou aceder a \u00e1reas seguras do website. Sem estes cookies, o website n\u00e3o consegue funcionar corretamente.<\/div>\t\t\t\t<\/div>\n\t\t\t\t<div class=\"elementor-element elementor-element-7adf5a5 elementor-widget elementor-widget-heading\" data-id=\"7adf5a5\" data-element_type=\"widget\" data-widget_type=\"heading.default\">\n\t\t\t\t\t<h5 class=\"elementor-heading-title elementor-size-default\">Cookies de Publicidade<\/h5>\t\t\t\t<\/div>\n\t\t\t\t<div class=\"elementor-element elementor-element-5d2b0fe elementor-widget elementor-widget-heading\" data-id=\"5d2b0fe\" data-element_type=\"widget\" data-widget_type=\"heading.default\">\n\t\t\t\t\t<div class=\"elementor-heading-title elementor-size-default\">Estes cookies t\u00eam como finalidade tornar a publicidade mais envolvente para os utilizadores e mais valiosa para publicadores e anunciantes. Algumas aplica\u00e7\u00f5es comuns de cookies visam selecionar publicidade com base no que \u00e9 relevante para o utilizador, para melhorar os relat\u00f3rios sobre desempenho de campanhas e evitar mostrar an\u00fancios que o utilizador j\u00e1 viu.<\/div>\t\t\t\t<\/div>\n\t\t\t\t<div class=\"elementor-element elementor-element-d77acb9 elementor-widget elementor-widget-heading\" data-id=\"d77acb9\" data-element_type=\"widget\" data-widget_type=\"heading.default\">\n\t\t\t\t\t<h5 class=\"elementor-heading-title elementor-size-default\">Cookies de Estado da Sess\u00e3o<\/h5>\t\t\t\t<\/div>\n\t\t\t\t<div class=\"elementor-element elementor-element-9c544af elementor-widget elementor-widget-heading\" data-id=\"9c544af\" data-element_type=\"widget\" data-widget_type=\"heading.default\">\n\t\t\t\t\t<div class=\"elementor-heading-title elementor-size-default\">Os websites recolhem muitas vezes informa\u00e7\u00f5es sobre a forma como os utilizadores interagem com uma determinada p\u00e1gina web. Isso pode incluir as p\u00e1ginas que os utilizadores visitam com mais frequ\u00eancia e se os utilizadores recebem mensagens de erro de determinadas p\u00e1ginas. Os chamados \"cookies de estado da sess\u00e3o ajudam a melhorar os servi\u00e7os das empresas, de forma a melhorar a experi\u00eancia de navega\u00e7\u00e3o dos nossos utilizadores. Bloquear ou eliminar estes cookies n\u00e3o torna o website inutiliz\u00e1vel.<\/div>\t\t\t\t<\/div>\n\t\t\t\t<div class=\"elementor-element elementor-element-df65b13 elementor-widget elementor-widget-heading\" data-id=\"df65b13\" data-element_type=\"widget\" data-widget_type=\"heading.default\">\n\t\t\t\t\t<h5 class=\"elementor-heading-title elementor-size-default\">Cookies de An\u00e1lise<\/h5>\t\t\t\t<\/div>\n\t\t\t\t<div class=\"elementor-element elementor-element-83440b9 elementor-widget elementor-widget-heading\" data-id=\"83440b9\" data-element_type=\"widget\" data-widget_type=\"heading.default\">\n\t\t\t\t\t<div class=\"elementor-heading-title elementor-size-default\">Estes cookies ajudam os propriet\u00e1rios de websites e de aplica\u00e7\u00f5es a entender o envolvimento dos seus visitantes com as suas p\u00e1ginas web. Estes podem utilizar um conjunto de cookies para recolher informa\u00e7\u00f5es e reportar estat\u00edsticas de utiliza\u00e7\u00e3o dos websites sem identificar pessoalmente os visitantes individuais.<\/div>\t\t\t\t<\/div>\n\t\t\t\t<div class=\"elementor-element elementor-element-aae4676 elementor-widget elementor-widget-heading\" data-id=\"aae4676\" data-element_type=\"widget\" data-widget_type=\"heading.default\">\n\t\t\t\t\t<h3 class=\"elementor-heading-title elementor-size-default\">Como Gerir Cookies<\/h3>\t\t\t\t<\/div>\n\t\t\t\t<div class=\"elementor-element elementor-element-afcba79 elementor-widget elementor-widget-heading\" data-id=\"afcba79\" data-element_type=\"widget\" data-widget_type=\"heading.default\">\n\t\t\t\t\t<div class=\"elementor-heading-title elementor-size-default\">Na maioria dos navegadores de Internet (browsers) estes cookies podem ser facilmente removidos ou recusados. Poder\u00e1 alterar as suas permiss\u00f5es ao selecionar as defini\u00e7\u00f5es pretendidas no navegador. Entrar\u00e1 tamb\u00e9m mais detalhes sobre estes procedimentos na se\u00e7\u00e3o de ajuda do respetivo navegador.<\/div>\t\t\t\t<\/div>\n\t\t\t\t<div class=\"elementor-element elementor-element-c9bd639 elementor-widget elementor-widget-heading\" data-id=\"c9bd639\" data-element_type=\"widget\" data-widget_type=\"heading.default\">\n\t\t\t\t\t<h3 class=\"elementor-heading-title elementor-size-default\">Altera\u00e7\u00f5es<\/h3>\t\t\t\t<\/div>\n\t\t\t\t<div class=\"elementor-element elementor-element-ac883ad elementor-widget elementor-widget-heading\" data-id=\"ac883ad\" data-element_type=\"widget\" data-widget_type=\"heading.default\">\n\t\t\t\t\t<div class=\"elementor-heading-title elementor-size-default\">\u200bPodemos atualizar esta Pol\u00edtica de Cookies pontualmente, para que reflita, por exemplo, altera\u00e7\u00f5es nas nossas pr\u00e1ticas ou por outras raz\u00f5es operacionais, legais ou regulat\u00f3rias.<\/div>\t\t\t\t<\/div>\n\t\t\t\t<div class=\"elementor-element elementor-element-5fa6bfa elementor-widget elementor-widget-heading\" data-id=\"5fa6bfa\" data-element_type=\"widget\" data-widget_type=\"heading.default\">\n\t\t\t\t\t<h3 class=\"elementor-heading-title elementor-size-default\">Contacts<\/h3>\t\t\t\t<\/div>\n\t\t\t\t<div class=\"elementor-element elementor-element-53b7843 elementor-widget elementor-widget-heading\" data-id=\"53b7843\" data-element_type=\"widget\" data-widget_type=\"heading.default\">\n\t\t\t\t\t<div class=\"elementor-heading-title elementor-size-default\">Para obter mais informa\u00e7\u00f5es sobre o tratamento dos seus dados ou para qualquer esclarecimento sobre a prote\u00e7\u00e3o de dados, pode contactar a nossa empresa, atrav\u00e9s dos contactos dispon\u00edveis no website.<\/div>\t\t\t\t<\/div>\n\t\t\t\t\t<\/div>\n\t\t\t\t<\/div>\n\t\t\t\t<\/div>","protected":false},"excerpt":{"rendered":"<p>Pol\u00edtica de Cookies O que s\u00e3o Cookies? Os cookies s\u00e3o pequenos ficheiros de texto enviados para o seu computador ou dispositivo m\u00f3vel quando visita websites. Os cookies ajudam os websites a armazenar e recuperar informa\u00e7\u00e3o sobre os seus h\u00e1bitos de navega\u00e7\u00e3o por forma a personalizar a navega\u00e7\u00e3o de acordo com as suas prefer\u00eancias. Tipos de [&hellip;]<\/p>\n","protected":false},"author":1,"featured_media":0,"parent":0,"menu_order":0,"comment_status":"closed","ping_status":"closed","template":"","meta":{"_acf_changed":false,"_monsterinsights_skip_tracking":false,"_monsterinsights_sitenote_active":false,"_monsterinsights_sitenote_note":"","_monsterinsights_sitenote_category":0,"footnotes":""},"class_list":["post-18099","page","type-page","status-publish","hentry"],"acf":[],"yoast_head":"<!-- This site is optimized with the Yoast SEO plugin v27.4 - https:\/\/yoast.com\/product\/yoast-seo-wordpress\/ -->\n<title>Pol\u00edtica de Cookies | JAT Fleet<\/title>\n<meta name=\"description\" content=\"Saiba como usamos os cookies para melhorar a experi\u00eancia, analisar dados e garantir o bom funcionamento da plataforma JAT Fleet.\" \/>\n<meta name=\"robots\" content=\"index, follow, max-snippet:-1, max-image-preview:large, max-video-preview:-1\" \/>\n<link rel=\"canonical\" href=\"https:\/\/jatfleet.com\/en\/cookie-policy\/\" \/>\n<meta property=\"og:locale\" content=\"en_GB\" \/>\n<meta property=\"og:type\" content=\"article\" \/>\n<meta property=\"og:title\" content=\"Pol\u00edtica de Cookies | JAT Fleet\" \/>\n<meta property=\"og:description\" content=\"Saiba como usamos os cookies para melhorar a experi\u00eancia, analisar dados e garantir o bom funcionamento da plataforma JAT Fleet.\" \/>\n<meta property=\"og:url\" content=\"https:\/\/jatfleet.com\/en\/cookie-policy\/\" \/>\n<meta property=\"og:site_name\" content=\"JAT Fleet\" \/>\n<meta property=\"article:modified_time\" content=\"2025-08-12T14:49:42+00:00\" \/>\n<meta property=\"og:image\" content=\"https:\/\/jatfleet.com\/wp-content\/uploads\/2025\/07\/JATFLEET-Logo-azul-scaled.png\" \/>\n\t<meta property=\"og:image:width\" content=\"2560\" \/>\n\t<meta property=\"og:image:height\" content=\"441\" \/>\n\t<meta property=\"og:image:type\" content=\"image\/png\" \/>\n<meta name=\"twitter:card\" content=\"summary_large_image\" \/>\n<meta name=\"twitter:label1\" content=\"Estimated reading time\" \/>\n\t<meta name=\"twitter:data1\" content=\"3 minutes\" \/>\n<script type=\"application\/ld+json\" class=\"yoast-schema-graph\">{\"@context\":\"https:\\\/\\\/schema.org\",\"@graph\":[{\"@type\":\"WebPage\",\"@id\":\"https:\\\/\\\/jatfleet.com\\\/politica-cookies\\\/\",\"url\":\"https:\\\/\\\/jatfleet.com\\\/politica-cookies\\\/\",\"name\":\"Pol\u00edtica de Cookies | JAT Fleet\",\"isPartOf\":{\"@id\":\"https:\\\/\\\/jatfleet.com\\\/#website\"},\"datePublished\":\"2025-07-17T15:30:55+00:00\",\"dateModified\":\"2025-08-12T14:49:42+00:00\",\"description\":\"Saiba como usamos os cookies para melhorar a experi\u00eancia, analisar dados e garantir o bom funcionamento da plataforma JAT Fleet.\",\"breadcrumb\":{\"@id\":\"https:\\\/\\\/jatfleet.com\\\/politica-cookies\\\/#breadcrumb\"},\"inLanguage\":\"en-GB\",\"potentialAction\":[{\"@type\":\"ReadAction\",\"target\":[\"https:\\\/\\\/jatfleet.com\\\/politica-cookies\\\/\"]}]},{\"@type\":\"BreadcrumbList\",\"@id\":\"https:\\\/\\\/jatfleet.com\\\/politica-cookies\\\/#breadcrumb\",\"itemListElement\":[{\"@type\":\"ListItem\",\"position\":1,\"name\":\"Home\",\"item\":\"https:\\\/\\\/jatfleet.com\\\/\"},{\"@type\":\"ListItem\",\"position\":2,\"name\":\"Pol\u00edtica de Cookies\"}]},{\"@type\":\"WebSite\",\"@id\":\"https:\\\/\\\/jatfleet.com\\\/#website\",\"url\":\"https:\\\/\\\/jatfleet.com\\\/\",\"name\":\"JAT Fleet\",\"description\":\"Building a Fleet Future\",\"publisher\":{\"@id\":\"https:\\\/\\\/jatfleet.com\\\/#organization\"},\"alternateName\":\"Plataforma de gest\u00e3o de frotas\",\"potentialAction\":[{\"@type\":\"SearchAction\",\"target\":{\"@type\":\"EntryPoint\",\"urlTemplate\":\"https:\\\/\\\/jatfleet.com\\\/?s={search_term_string}\"},\"query-input\":{\"@type\":\"PropertyValueSpecification\",\"valueRequired\":true,\"valueName\":\"search_term_string\"}}],\"inLanguage\":\"en-GB\"},{\"@type\":\"Organization\",\"@id\":\"https:\\\/\\\/jatfleet.com\\\/#organization\",\"name\":\"JAT Fleet\",\"url\":\"https:\\\/\\\/jatfleet.com\\\/\",\"logo\":{\"@type\":\"ImageObject\",\"inLanguage\":\"en-GB\",\"@id\":\"https:\\\/\\\/jatfleet.com\\\/#\\\/schema\\\/logo\\\/image\\\/\",\"url\":\"https:\\\/\\\/jatfleet.com\\\/wp-content\\\/uploads\\\/2025\\\/07\\\/JATFLEET-Logo-azul-scaled.png\",\"contentUrl\":\"https:\\\/\\\/jatfleet.com\\\/wp-content\\\/uploads\\\/2025\\\/07\\\/JATFLEET-Logo-azul-scaled.png\",\"width\":2560,\"height\":441,\"caption\":\"JAT Fleet\"},\"image\":{\"@id\":\"https:\\\/\\\/jatfleet.com\\\/#\\\/schema\\\/logo\\\/image\\\/\"},\"sameAs\":[\"https:\\\/\\\/www.linkedin.com\\\/showcase\\\/jatfleetmanagement\\\/\"]}]}<\/script>\n<!-- \/ Yoast SEO plugin. -->","yoast_head_json":{"title":"Pol\u00edtica de Cookies | JAT Fleet","description":"Saiba como usamos os cookies para melhorar a experi\u00eancia, analisar dados e garantir o bom funcionamento da plataforma JAT Fleet.","robots":{"index":"index","follow":"follow","max-snippet":"max-snippet:-1","max-image-preview":"max-image-preview:large","max-video-preview":"max-video-preview:-1"},"canonical":"https:\/\/jatfleet.com\/en\/cookie-policy\/","og_locale":"en_GB","og_type":"article","og_title":"Pol\u00edtica de Cookies | JAT Fleet","og_description":"Saiba como usamos os cookies para melhorar a experi\u00eancia, analisar dados e garantir o bom funcionamento da plataforma JAT Fleet.","og_url":"https:\/\/jatfleet.com\/en\/cookie-policy\/","og_site_name":"JAT Fleet","article_modified_time":"2025-08-12T14:49:42+00:00","og_image":[{"width":2560,"height":441,"url":"https:\/\/jatfleet.com\/wp-content\/uploads\/2025\/07\/JATFLEET-Logo-azul-scaled.png","type":"image\/png"}],"twitter_card":"summary_large_image","twitter_misc":{"Estimated reading time":"3 minutes"},"schema":{"@context":"https:\/\/schema.org","@graph":[{"@type":"WebPage","@id":"https:\/\/jatfleet.com\/politica-cookies\/","url":"https:\/\/jatfleet.com\/politica-cookies\/","name":"Pol\u00edtica de Cookies | JAT Fleet","isPartOf":{"@id":"https:\/\/jatfleet.com\/#website"},"datePublished":"2025-07-17T15:30:55+00:00","dateModified":"2025-08-12T14:49:42+00:00","description":"Saiba como usamos os cookies para melhorar a experi\u00eancia, analisar dados e garantir o bom funcionamento da plataforma JAT Fleet.","breadcrumb":{"@id":"https:\/\/jatfleet.com\/politica-cookies\/#breadcrumb"},"inLanguage":"en-GB","potentialAction":[{"@type":"ReadAction","target":["https:\/\/jatfleet.com\/politica-cookies\/"]}]},{"@type":"BreadcrumbList","@id":"https:\/\/jatfleet.com\/politica-cookies\/#breadcrumb","itemListElement":[{"@type":"ListItem","position":1,"name":"Home","item":"https:\/\/jatfleet.com\/"},{"@type":"ListItem","position":2,"name":"Pol\u00edtica de Cookies"}]},{"@type":"WebSite","@id":"https:\/\/jatfleet.com\/#website","url":"https:\/\/jatfleet.com\/","name":"JAT Fleet","description":"Building a Fleet Future","publisher":{"@id":"https:\/\/jatfleet.com\/#organization"},"alternateName":"Plataforma de gest\u00e3o de frotas","potentialAction":[{"@type":"SearchAction","target":{"@type":"EntryPoint","urlTemplate":"https:\/\/jatfleet.com\/?s={search_term_string}"},"query-input":{"@type":"PropertyValueSpecification","valueRequired":true,"valueName":"search_term_string"}}],"inLanguage":"en-GB"},{"@type":"Organization","@id":"https:\/\/jatfleet.com\/#organization","name":"JAT Fleet","url":"https:\/\/jatfleet.com\/","logo":{"@type":"ImageObject","inLanguage":"en-GB","@id":"https:\/\/jatfleet.com\/#\/schema\/logo\/image\/","url":"https:\/\/jatfleet.com\/wp-content\/uploads\/2025\/07\/JATFLEET-Logo-azul-scaled.png","contentUrl":"https:\/\/jatfleet.com\/wp-content\/uploads\/2025\/07\/JATFLEET-Logo-azul-scaled.png","width":2560,"height":441,"caption":"JAT Fleet"},"image":{"@id":"https:\/\/jatfleet.com\/#\/schema\/logo\/image\/"},"sameAs":["https:\/\/www.linkedin.com\/showcase\/jatfleetmanagement\/"]}]}},"_links":{"self":[{"href":"https:\/\/jatfleet.com\/en\/wp-json\/wp\/v2\/pages\/18099","targetHints":{"allow":["GET"]}}],"collection":[{"href":"https:\/\/jatfleet.com\/en\/wp-json\/wp\/v2\/pages"}],"about":[{"href":"https:\/\/jatfleet.com\/en\/wp-json\/wp\/v2\/types\/page"}],"author":[{"embeddable":true,"href":"https:\/\/jatfleet.com\/en\/wp-json\/wp\/v2\/users\/1"}],"replies":[{"embeddable":true,"href":"https:\/\/jatfleet.com\/en\/wp-json\/wp\/v2\/comments?post=18099"}],"version-history":[{"count":4,"href":"https:\/\/jatfleet.com\/en\/wp-json\/wp\/v2\/pages\/18099\/revisions"}],"predecessor-version":[{"id":18103,"href":"https:\/\/jatfleet.com\/en\/wp-json\/wp\/v2\/pages\/18099\/revisions\/18103"}],"wp:attachment":[{"href":"https:\/\/jatfleet.com\/en\/wp-json\/wp\/v2\/media?parent=18099"}],"curies":[{"name":"wp","href":"https:\/\/api.w.org\/{rel}","templated":true}]}}